{"id":316,"date":"2024-01-09T18:49:49","date_gmt":"2024-01-09T16:49:49","guid":{"rendered":"https:\/\/staroleka.pl\/?page_id=316"},"modified":"2025-02-17T23:31:15","modified_gmt":"2025-02-17T21:31:15","slug":"misterium-meki-panskiej","status":"publish","type":"page","link":"https:\/\/staroleka.pl\/?page_id=316","title":{"rendered":"MISTERIUM 2025"},"content":{"rendered":"\n<p class=\"has-text-align-center\">Przedstawienie ma niezwyk\u0142y przebieg. Scenariusz obejmuje ponad 30 r\u00f3l. Niekt\u00f3re z nich wymaga\u0142y indywidualnego lub zespo\u0142owego przygotowania wokalnego, inne za\u015b nauki umiej\u0119tnej interpretacji tekstu czytanego. Ca\u0142o\u015b\u0107 dope\u0142nia wspania\u0142a i poruszaj\u0105ca muzyka, kt\u00f3ra towarzyszy m\u0142odym aktorom i widzom nieprzerwanie od pocz\u0105tku do ko\u0144ca spektaklu. <\/p>\n\n\n\n<p class=\"has-text-align-center\">W Roku Jubileuszowym 2025 podj\u0119li\u015bmy si\u0119 organizacji tego artystycznego wydarzenia na deskach sceny Auli Artis w Poznaniu. Serdecznie zapraszamy!<br><\/p>\n\n\n\n<figure class=\"wp-block-image size-large\"><img fetchpriority=\"high\" decoding=\"async\" width=\"682\" height=\"1024\" src=\"https:\/\/staroleka.pl\/wp-content\/uploads\/2025\/02\/projekt-plakatu-11-marca-682x1024.jpg\" alt=\"\" class=\"wp-image-355\" srcset=\"https:\/\/staroleka.pl\/wp-content\/uploads\/2025\/02\/projekt-plakatu-11-marca-682x1024.jpg 682w, https:\/\/staroleka.pl\/wp-content\/uploads\/2025\/02\/projekt-plakatu-11-marca-200x300.jpg 200w, https:\/\/staroleka.pl\/wp-content\/uploads\/2025\/02\/projekt-plakatu-11-marca-768x1152.jpg 768w, https:\/\/staroleka.pl\/wp-content\/uploads\/2025\/02\/projekt-plakatu-11-marca-1024x1536.jpg 1024w, https:\/\/staroleka.pl\/wp-content\/uploads\/2025\/02\/projekt-plakatu-11-marca.jpg 1333w\" sizes=\"(max-width: 682px) 100vw, 682px\" \/><\/figure>\n\n\n\n<p class=\"has-text-align-center\">Oto recenzja, kt\u00f3r\u0105 podzieli\u0142 si\u0119 z nami jeden z artyst\u00f3w pozna\u0144skiego ch\u00f3ru Pozna\u0144skie S\u0142owiki, kt\u00f3ry by\u0142 na naszym wyst\u0119pie:<\/p>\n\n\n\n<p class=\"has-text-align-center\"><em>\u201eWzruszenie odbiera nam mow\u0119. Nie znajduj\u0119 s\u0142\u00f3w, aby wyrazi\u0107 wdzi\u0119czno\u015b\u0107, \u017ce mog\u0142em z \u017con\u0105 uczestniczy\u0107 w \u201eMisterium\u201d. To by\u0142y jedne z najpi\u0119kniejszych rekolekcji, je\u015bli nie najpi\u0119kniejsze, w jakich uczestniczy\u0142em. Chwa\u0142a Panu! I pragn\u0119 pogratulowa\u0107 wszystkim wyst\u0119puj\u0105cym dzieciom, bez wyj\u0105tku \u2013 WSZYSTKIM. Brawo! Pe\u0142en profesjonalizm!\u201d.<\/em><\/p>\n\n\n\n<p><\/p>\n","protected":false},"excerpt":{"rendered":"<p>Przedstawienie ma niezwyk\u0142y przebieg. Scenariusz obejmuje ponad 30 r\u00f3l. Niekt\u00f3re z nich wymaga\u0142y indywidualnego lub zespo\u0142owego przygotowania wokalnego, inne za\u015b nauki umiej\u0119tnej interpretacji tekstu czytanego. Ca\u0142o\u015b\u0107 dope\u0142nia wspania\u0142a i poruszaj\u0105ca muzyka, kt\u00f3ra towarzyszy m\u0142odym aktorom i widzom nieprzerwanie od pocz\u0105tku [&hellip;]<\/p>\n","protected":false},"author":3,"featured_media":0,"parent":0,"menu_order":0,"comment_status":"closed","ping_status":"closed","template":"","meta":{"ngg_post_thumbnail":0,"footnotes":""},"class_list":["post-316","page","type-page","status-publish","hentry"],"_links":{"self":[{"href":"https:\/\/staroleka.pl\/index.php?rest_route=\/wp\/v2\/pages\/316","targetHints":{"allow":["GET"]}}],"collection":[{"href":"https:\/\/staroleka.pl\/index.php?rest_route=\/wp\/v2\/pages"}],"about":[{"href":"https:\/\/staroleka.pl\/index.php?rest_route=\/wp\/v2\/types\/page"}],"author":[{"embeddable":true,"href":"https:\/\/staroleka.pl\/index.php?rest_route=\/wp\/v2\/users\/3"}],"replies":[{"embeddable":true,"href":"https:\/\/staroleka.pl\/index.php?rest_route=%2Fwp%2Fv2%2Fcomments&post=316"}],"version-history":[{"count":8,"href":"https:\/\/staroleka.pl\/index.php?rest_route=\/wp\/v2\/pages\/316\/revisions"}],"predecessor-version":[{"id":369,"href":"https:\/\/staroleka.pl\/index.php?rest_route=\/wp\/v2\/pages\/316\/revisions\/369"}],"wp:attachment":[{"href":"https:\/\/staroleka.pl\/index.php?rest_route=%2Fwp%2Fv2%2Fmedia&parent=316"}],"curies":[{"name":"wp","href":"https:\/\/api.w.org\/{rel}","templated":true}]}}